{"id":122,"date":"2023-10-27T09:31:50","date_gmt":"2023-10-27T07:31:50","guid":{"rendered":"https:\/\/bmk.pikpodlaskie.pl\/edycje\/2023\/?page_id=122"},"modified":"2023-11-20T14:21:36","modified_gmt":"2023-11-20T13:21:36","slug":"do-pobrania","status":"publish","type":"page","link":"http:\/\/bmk.pikpodlaskie.pl\/edycje\/2023\/do-pobrania\/","title":{"rendered":"Do pobrania"},"content":{"rendered":"<h3><a class=\"file\" title=\"Otw\u00f3rz odno\u015bnik w nowej karcie\" href=\"http:\/\/bmk.pikpodlaskie.pl\/edycje\/2023\/wp-content\/uploads\/sites\/2\/2023\/11\/neurografika-liliya-potonia-scenariusz.pdf\" target=\"_blank\" rel=\"noopener\">Neurografika \u2013 Liliya Potonia. Scenariusz<\/a><\/h3>\n<h3><a class=\"file\" title=\"Otw\u00f3rz odno\u015bnik w nowej karcie\" href=\"http:\/\/bmk.pikpodlaskie.pl\/edycje\/2023\/wp-content\/uploads\/sites\/2\/2023\/10\/bardzo-mloda-kultura-2023-raport-kompletny.pdf\" target=\"_blank\" rel=\"noopener\">Edukacja kulturowa m\u0142odzie\u017cy w woj. podlaskim (Bia\u0142ystok, 2023). Raport badawczy<\/a><\/h3>\n<h3><a class=\"file\" href=\"http:\/\/bmk.pikpodlaskie.pl\/edycje\/2023\/wp-content\/uploads\/sites\/2\/2023\/10\/fotografia-otworkowa-poradnik.pdf\">Fotografia otworkowa. Poradnik<\/a><\/h3>\n","protected":false},"excerpt":{"rendered":"<p>Neurografika \u2013 Liliya Potonia. Scenariusz Edukacja kulturowa m\u0142odzie\u017cy w woj. podlaskim (Bia\u0142ystok, 2023). Raport badawczy Fotografia otworkowa. Poradnik<\/p>\n","protected":false},"author":1,"featured_media":0,"parent":0,"menu_order":0,"comment_status":"closed","ping_status":"closed","template":"page-templates\/page_tiles.php","meta":{"footnotes":""},"class_list":["post-122","page","type-page","status-publish","hentry"],"_links":{"self":[{"href":"http:\/\/bmk.pikpodlaskie.pl\/edycje\/2023\/wp-json\/wp\/v2\/pages\/122","targetHints":{"allow":["GET"]}}],"collection":[{"href":"http:\/\/bmk.pikpodlaskie.pl\/edycje\/2023\/wp-json\/wp\/v2\/pages"}],"about":[{"href":"http:\/\/bmk.pikpodlaskie.pl\/edycje\/2023\/wp-json\/wp\/v2\/types\/page"}],"author":[{"embeddable":true,"href":"http:\/\/bmk.pikpodlaskie.pl\/edycje\/2023\/wp-json\/wp\/v2\/users\/1"}],"replies":[{"embeddable":true,"href":"http:\/\/bmk.pikpodlaskie.pl\/edycje\/2023\/wp-json\/wp\/v2\/comments?post=122"}],"version-history":[{"count":7,"href":"http:\/\/bmk.pikpodlaskie.pl\/edycje\/2023\/wp-json\/wp\/v2\/pages\/122\/revisions"}],"predecessor-version":[{"id":143,"href":"http:\/\/bmk.pikpodlaskie.pl\/edycje\/2023\/wp-json\/wp\/v2\/pages\/122\/revisions\/143"}],"wp:attachment":[{"href":"http:\/\/bmk.pikpodlaskie.pl\/edycje\/2023\/wp-json\/wp\/v2\/media?parent=122"}],"curies":[{"name":"wp","href":"https:\/\/api.w.org\/{rel}","templated":true}]}}